{"id":215,"date":"2024-01-14T15:21:31","date_gmt":"2024-01-14T14:21:31","guid":{"rendered":"https:\/\/kanaafutura.com\/?post_type=product&#038;p=215"},"modified":"2024-01-14T15:21:31","modified_gmt":"2024-01-14T14:21:31","slug":"pulsar-hover-rod","status":"publish","type":"product","link":"https:\/\/kanaafutura.com\/index.php\/producto\/pulsar-hover-rod\/","title":{"rendered":"Pulsar Hover rod"},"content":{"rendered":"<p>This 3D model is a\u00a0<strong>fantasy flying car<\/strong>\u00a0that features a\u00a0<strong>retro-futuristic style<\/strong>. It is designed to be used with 3D modeling software such as 3DMax and Bryce, and comes in the following formats:\u00a0<strong>OBJ, OBP, and MAX<\/strong>.<\/p>\n<p>The car is a unique blend of classic and futuristic design elements, making it a perfect choice for those who want to add a touch of whimsy to their 3D models. The car is highly detailed and features a range of intricate design elements that make it stand out from other 3D models.<\/p>\n<p>The Fantasy Flying Car 3D Model is perfect for those who are looking for a unique and eye-catching addition to their 3D modeling projects. Whether you\u2019re a professional 3D modeler or just starting out, this model is sure to impress. I hope this helps! \ud83d\ude0a<\/p>\n<p><a href=\"https:\/\/www.renderosity.com\/marketplace\/vendors\/kanaa\" target=\"_blank\" rel=\"noopener\">More models<\/a><\/p>\n<p><a href=\"https:\/\/kanaafutura.com\/\" target=\"_blank\" rel=\"noopener\">Home<\/a><\/p>\n<p>&nbsp;<\/p>\n","protected":false},"excerpt":{"rendered":"<p>El Fantasy Flying Car 3D Model es perfecto para aquellos que buscan una adici\u00f3n \u00fanica y llamativa a sus proyectos de modelado 3D. Ya sea que seas un modelador 3D profesional o reci\u00e9n est\u00e9s comenzando, este modelo seguramente impresionar\u00e1. &hellip; <\/p>\n<p><a href=\"https:\/\/kanaafutura.com\/index.php\/producto\/pulsar-hover-rod\/\" class=\"more-link\">Continue reading<span class=\"screen-reader-text\">Pulsar Hover rod<\/span><\/a><\/p>\n","protected":false},"featured_media":216,"template":"","meta":{"om_disable_all_campaigns":false,"_monsterinsights_skip_tracking":false,"_monsterinsights_sitenote_active":false,"_monsterinsights_sitenote_note":"","_monsterinsights_sitenote_category":0},"product_brand":[],"product_cat":[38],"product_tag":[42,50,51,47,46,45,48],"class_list":{"0":"post-215","1":"product","2":"type-product","3":"status-publish","4":"has-post-thumbnail","6":"product_cat-air-cars","7":"product_tag-3d-models","8":"product_tag-air-car","9":"product_tag-cars","10":"product_tag-max","11":"product_tag-obj","12":"product_tag-poserprop","13":"product_tag-sici-fi","15":"first","16":"instock","17":"shipping-taxable","18":"product-type-external"},"aioseo_notices":[],"jetpack_sharing_enabled":true,"_links":{"self":[{"href":"https:\/\/kanaafutura.com\/index.php\/wp-json\/wp\/v2\/product\/215","targetHints":{"allow":["GET"]}}],"collection":[{"href":"https:\/\/kanaafutura.com\/index.php\/wp-json\/wp\/v2\/product"}],"about":[{"href":"https:\/\/kanaafutura.com\/index.php\/wp-json\/wp\/v2\/types\/product"}],"wp:featuredmedia":[{"embeddable":true,"href":"https:\/\/kanaafutura.com\/index.php\/wp-json\/wp\/v2\/media\/216"}],"wp:attachment":[{"href":"https:\/\/kanaafutura.com\/index.php\/wp-json\/wp\/v2\/media?parent=215"}],"wp:term":[{"taxonomy":"product_brand","embeddable":true,"href":"https:\/\/kanaafutura.com\/index.php\/wp-json\/wp\/v2\/product_brand?post=215"},{"taxonomy":"product_cat","embeddable":true,"href":"https:\/\/kanaafutura.com\/index.php\/wp-json\/wp\/v2\/product_cat?post=215"},{"taxonomy":"product_tag","embeddable":true,"href":"https:\/\/kanaafutura.com\/index.php\/wp-json\/wp\/v2\/product_tag?post=215"}],"curies":[{"name":"wp","href":"https:\/\/api.w.org\/{rel}","templated":true}]}}